{"id":4823,"date":"2016-11-23T19:02:16","date_gmt":"2016-11-23T18:02:16","guid":{"rendered":"http:\/\/ccgalicia.comisiondatransparencia.gal\/?page_id=4823"},"modified":"2016-12-21T10:27:08","modified_gmt":"2016-12-21T09:27:08","slug":"enlaces-de-transparencia","status":"publish","type":"page","link":"http:\/\/ccgalicia.comisiondatransparencia.gal\/es\/enlaces-de-transparencia\/","title":{"rendered":"Enlaces de transparencia"},"content":{"rendered":"<p>[vc_row equal_height=\u00bbyes\u00bb foundry_padding=\u00bbpt0 pb0&#8243; content_placement=\u00bbmiddle\u00bb p_bottom=\u00bb0&#8243; m_bottom=\u00bb0&#8243;][vc_column][vc_row_inner equal_height=\u00bbyes\u00bb content_placement=\u00bbmiddle\u00bb][vc_column_inner width=\u00bb1\/4&#8243;][vc_column_text c_id=\u00bb.vc_1481111206931&#8243;]<img loading=\"lazy\" decoding=\"async\" class=\"size-full wp-image-6217 aligncenter\" src=\"http:\/\/ccgalicia.comisiondatransparencia.gal\/wp-content\/uploads\/2016\/11\/enlaces-transparencia.png\" alt=\"\" width=\"150\" height=\"150\" \/>[\/vc_column_text][\/vc_column_inner][vc_column_inner width=\u00bb3\/4&#8243;][vc_custom_heading text=\u00bbEnlaces de Transparencia\u00bb font_container=\u00bbtag:h1|font_size:45px|text_align:left\u00bb use_theme_fonts=\u00bbyes\u00bb][vc_separator color=\u00bbcustom\u00bb style=\u00bbdotted\u00bb accent_color=\u00bb#b5ba05&#8243;][vc_column_text c_id=\u00bb.vc_1479908006316&#8243;]<span style=\"font-size: 12pt;\">La defensa de la transparencia en nuestra comunidad no es una cuesti\u00f3n que podamos asumir en solitario, sino que en ella estamos implicados numerosos agentes con responsabilidades diversas. Algunos de nuestros colaboradores en la comunidad y amigos de otras comunidades aparecen en este directorio.<\/span>[\/vc_column_text][vc_separator color=\u00bbcustom\u00bb style=\u00bbdotted\u00bb accent_color=\u00bb#b5ba05&#8243;][\/vc_column_inner][\/vc_row_inner][\/vc_column][\/vc_row][vc_row foundry_padding=\u00bbpt0 pb0&#8243; p_top=\u00bb0&#8243; m_top=\u00bb0&#8243;][vc_column width=\u00bb1\/2&#8243; animation_iteration=\u00bb1&#8243;][vc_empty_space][vc_column_text c_id=\u00bb.vc_1481064062634&#8243;]<\/p>\n<h2>Instituciones representadas en la Comisi\u00f3n de la Transparencia<\/h2>\n<ul class=\"vinieta1\">\n<li><span style=\"font-size: 12pt;\">\u00a0<a href=\"http:\/\/www.valedordopobo.gal\/es\/\">Valedor do Pobo<i class=\"fa fa-external-link\"><\/i><\/a><\/span><\/li>\n<li><span style=\"font-size: 12pt;\">\u00a0<a href=\"http:\/\/www.consellodecontas.es\/es\">Consello de Contas de Galicia<i class=\"fa fa-external-link\"><\/i><\/a><\/span><\/li>\n<li><span style=\"font-size: 12pt;\">\u00a0<a href=\"http:\/\/www.ccgalicia.es\/index_ca.html\">Consello Consultivo de Galicia<i class=\"fa fa-external-link\"><\/i><\/a><\/span><\/li>\n<li><span style=\"font-size: 12pt;\">\u00a0<a href=\"http:\/\/www.xunta.gal\">Xunta de Galicia <i class=\"fa fa-external-link\"><\/i><\/a>\u00a0<\/span><\/li>\n<li><span style=\"font-size: 12pt;\">\u00a0<a href=\"http:\/\/www.fegamp.gal\">Federaci\u00f3n Galega de Municipios e Provincias <i class=\"fa fa-external-link\"><\/i><\/a><br \/>\n<\/span><\/li>\n<\/ul>\n<p>[\/vc_column_text][\/vc_column][vc_column width=\u00bb1\/2&#8243; animation_iteration=\u00bb1&#8243; css=\u00bb.vc_custom_1479819171418{background-color: #fcfcfc !important;}\u00bb][vc_column_text c_id=\u00bb.vc_1479904651622&#8243;]<\/p>\n<h2>Portal de transparencia de Galicia<\/h2>\n<ul class=\"vinieta1\">\n<li><span style=\"font-size: 12pt;\"><a href=\"http:\/\/transparencia.xunta.gal\/portada\">Portal de Transparencia de la Comunidad Aut\u00f3noma <i class=\"fa fa-external-link\"><\/i><\/a>\u00a0<\/span><\/li>\n<\/ul>\n<p>[\/vc_column_text][\/vc_column][vc_column][vc_empty_space][vc_separator color=\u00bbcustom\u00bb style=\u00bbdotted\u00bb accent_color=\u00bb#b5ba05&#8243;][\/vc_column][\/vc_row][vc_row foundry_padding=\u00bbpt0&#8243;][vc_column width=\u00bb1\/2&#8243; animation_iteration=\u00bb1&#8243; css=\u00bb.vc_custom_1479905954244{background-color: #fcfcfc !important;}\u00bb][vc_column_text c_id=\u00bb.vc_1479915806412&#8243;]<\/p>\n<h2>Instituciones gallegas con portales propios de transparencia<\/h2>\n<p><span style=\"font-size: 12pt;\">Incluimos algunas de las instituciones gallegas que, en cumplimiento del mandato de la Ley 1\/2016, de 18 de enero, de transparencia y buen gobierno en la comunidad Gallega disponen de sus propios espacios web de transparencia.<\/span><\/p>\n<ul class=\"vinieta1\">\n<li><span style=\"font-size: 12pt;\"><a href=\"http:\/\/www.usc.es\/es\/index.html\">Universidad de Santiago de Compostela<i class=\"fa fa-external-link\"><\/i><\/a><\/span><\/li>\n<li><span style=\"font-size: 12pt;\"><a href=\"https:\/\/www.udc.es\/transparencia\/\">Universidad de A Coru\u00f1a <i class=\"fa fa-external-link\"><\/i><\/a>\u00a0<\/span><\/li>\n<li><span style=\"font-size: 12pt;\"><a href=\"https:\/\/seix.uvigo.es\/uv\/web\/sys\/lang\/es?urlRet=%2Fuv%2Fweb%2Ftransparencia%2F\">Universidad de Vigo <i class=\"fa fa-external-link\"><\/i><\/a>\u00a0<\/span><\/li>\n<li><span style=\"font-size: 12pt;\"><a href=\"http:\/\/www.es.parlamentodegalicia.es\/sitios\/web\/default.aspx\">Parlamento de Galicia <i class=\"fa fa-external-link\"><\/i><\/a>\u00a0<\/span><\/li>\n<li><span style=\"font-size: 12pt;\"><a href=\"http:\/\/ccgalicia.es\/pages\/transparencia_ca.html\">Consello Consultivo de Galicia<i class=\"fa fa-external-link\"><\/i><\/a><\/span><\/li>\n<li><span style=\"font-size: 12pt;\"><a href=\"http:\/\/www.valedordopobo.gal\/es\/\">Valedor do Pobo <i class=\"fa fa-external-link\"><\/i><\/a>\u00a0<\/span><\/li>\n<li><span style=\"font-size: 12pt;\"><a href=\"http:\/\/www.consellodecontas.es\/es\/menus-consello\/transparencia\/declaracions\">Consello de Contas<i class=\"fa fa-external-link\"><\/i><\/a><\/span><\/li>\n<li><span style=\"font-size: 12pt;\"><a href=\"http:\/\/www.ces-galicia.org\/\">Consello Econ\u00f3mico e Social<i class=\"fa fa-external-link\"><\/i><\/a><\/span><\/li>\n<li><span style=\"font-size: 12pt;\"><a href=\"http:\/\/cgrl.xunta.es\/\">Consello Galego de Relaci\u00f3ns Laborais <i class=\"fa fa-external-link\"><\/i><\/a>\u00a0<\/span><\/li>\n<li><span style=\"font-size: 12pt;\"><a href=\"http:\/\/consellodacultura.gal\/paxina.php?id=547\">Consello da Cultura Gallega<i class=\"fa fa-external-link\"><\/i><\/a><\/span><\/li>\n<\/ul>\n<p>[\/vc_column_text][\/vc_column][vc_column width=\u00bb1\/2&#8243;][vc_empty_space][vc_column_text c_id=\u00bb.vc_1479906064364&#8243;]<\/p>\n<h2>Administraci\u00f3n local<\/h2>\n<ul class=\"vinieta1\">\n<li><span style=\"font-size: 12pt;\"><a href=\"https:\/\/www.eidolocal.gal\/es\/espazo-de-transparencia\">Espacio de transparencia local. Eido local <i class=\"fa fa-external-link\"><\/i><\/a>\u00a0<\/span><\/li>\n<\/ul>\n<p>[\/vc_column_text][\/vc_column][vc_column][vc_empty_space][vc_separator color=\u00bbcustom\u00bb style=\u00bbdotted\u00bb accent_color=\u00bb#b5ba05&#8243;][\/vc_column][vc_column][vc_column_text c_id=\u00bb.vc_1479906734232&#8243;]<\/p>\n<h2>Portal de Transparencia Estatal y \u00f3rgano estatal de control de la transparencia<\/h2>\n<p>[\/vc_column_text][vc_row_inner][vc_column_inner width=\u00bb1\/2&#8243;][vc_column_text c_id=\u00bb.vc_1479906136241&#8243;]<\/p>\n<ul class=\"vinieta1\">\n<li><span style=\"font-size: 12pt;\"><a href=\"http:\/\/www.consejodetransparencia.es\/ct_Home\/index.html\">Consejo de Transparencia y Buen Gobierno <i class=\"fa fa-external-link\"><\/i><\/a><br \/>\n<\/span><\/li>\n<\/ul>\n<p>[\/vc_column_text][\/vc_column_inner][vc_column_inner width=\u00bb1\/2&#8243;][vc_column_text c_id=\u00bb.vc_1479906268387&#8243;]<\/p>\n<ul class=\"vinieta1\">\n<li><span style=\"font-size: 12pt;\"><a href=\"http:\/\/transparencia.gob.es\/\">Administraci\u00f3n general del estado <i class=\"fa fa-external-link\"><\/i><\/a><br \/>\n<\/span><\/li>\n<\/ul>\n<p>[\/vc_column_text][\/vc_column_inner][\/vc_row_inner][\/vc_column][vc_column][vc_empty_space][vc_separator color=\u00bbcustom\u00bb style=\u00bbdotted\u00bb accent_color=\u00bb#b5ba05&#8243;][\/vc_column][vc_column][vc_column_text c_id=\u00bb.vc_1479906402140&#8243;]<\/p>\n<h2>Uni\u00f3n Europea<\/h2>\n<ul class=\"vinieta1\">\n<li><span style=\"font-size: 12pt;\"><a href=\"http:\/\/ec.europa.eu\/transparency\/index_es.htm\">Portal de transparencia de la Comisi\u00f3n Europea<i class=\"fa fa-external-link\"><\/i><\/a><\/span><\/li>\n<li><span style=\"font-size: 12pt;\"><a href=\"http:\/\/ec.europa.eu\/transparencyregister\/public\/homePage.do\">\u00a0Registro de Transparencia de la UE <i class=\"fa fa-external-link\"><\/i><\/a>\u00a0<\/span><\/li>\n<li><span style=\"font-size: 12pt;\"><a href=\"https:\/\/open-data.europa.eu\/es\/data\">\u00a0Portal de datos abiertos de la UE <i class=\"fa fa-external-link\"><\/i><\/a>\u00a0<\/span><\/li>\n<\/ul>\n<p>[\/vc_column_text][\/vc_column][vc_column][vc_empty_space][vc_separator color=\u00bbcustom\u00bb style=\u00bbdotted\u00bb accent_color=\u00bb#b5ba05&#8243;][\/vc_column][vc_column][vc_column_text c_id=\u00bb.vc_1479906734232&#8243;]<\/p>\n<h2>Otros comisionados auton\u00f3micos de Transparencia<\/h2>\n<p>[\/vc_column_text][vc_row_inner][vc_column_inner width=\u00bb1\/2&#8243;][vc_column_text c_id=\u00bb.vc_1479906705511&#8243;]<\/p>\n<ul class=\"vinieta1\">\n<li><span style=\"font-size: 12pt;\"><a href=\"https:\/\/www.procuradordelcomun.org\/\">Comisi\u00f3n de la Transparencia de Castilla y Le\u00f3n<i class=\"fa fa-external-link\"><\/i><\/a><\/span><\/li>\n<li><span style=\"font-size: 12pt;\"><a href=\"http:\/\/www.gardena.euskadi.eus\/transparencia-general\/-\/derecho-de-acceso-a-la-informacion-publica\/#4191\">Comisi\u00f3n vasca de acceso a la informaci\u00f3n p\u00fablica<i class=\"fa fa-external-link\"><\/i><\/a><\/span><\/li>\n<li><span style=\"font-size: 12pt;\"><a href=\"http:\/\/transparencia.aragon.es\/content\/consejo-de-transparencia-de-arag%C3%B3n\">Consejo de transparencia de Arag\u00f3n <i class=\"fa fa-external-link\"><\/i><\/a>\u00a0<\/span><\/li>\n<li><span style=\"font-size: 12pt;\"><a href=\"http:\/\/www.gaip.cat\/ca\/inici\/\">Comisi\u00f3n de garant\u00eda de acceso la informaci\u00f3n p\u00fablica de Catalu\u00f1a<i class=\"fa fa-external-link\"><\/i><\/a><\/span><\/li>\n<\/ul>\n<p>[\/vc_column_text][\/vc_column_inner][vc_column_inner width=\u00bb1\/2&#8243;][vc_column_text c_id=\u00bb.vc_1479906612461&#8243;]<\/p>\n<ul class=\"vinieta1\">\n<li><span style=\"font-size: 12pt;\"><a href=\"http:\/\/www.conselltransparencia.gva.es\/\">Consejo de transparencia, acceso a la informaci\u00f3n p\u00fablica y transparencia de la Comunidad Valenciana<i class=\"fa fa-external-link\"><\/i><\/a><\/span><\/li>\n<li><span style=\"font-size: 12pt;\"><a href=\"http:\/\/transparencia.carm.es\/web\/transparencia\/consejo-de-la-transparencia-de-la-region-de-murcia\">Consejo de Transparencia de la Comunidad de Murcia\u00a0<\/a><\/span><\/li>\n<li><span style=\"font-size: 12pt;\"><a href=\"http:\/\/www.ctpdandalucia.es\">Consejo de transparencia y protecci\u00f3n de datos de Andaluc\u00eda <i class=\"fa fa-external-link\"><\/i><\/a>\u00a0<\/span><\/li>\n<li><span style=\"font-size: 12pt;\"><a href=\"http:\/\/www.transparenciacanarias.org\">Comisionado de la transparencia e acceso a la informaci\u00f3n p\u00fablica de Canarias <i class=\"fa fa-external-link\"><\/i><\/a><br \/>\n<\/span><\/li>\n<\/ul>\n<p>[\/vc_column_text][\/vc_column_inner][\/vc_row_inner][\/vc_column][\/vc_row]<\/p>\n","protected":false},"excerpt":{"rendered":"<p>[vc_row equal_height=\u00bbyes\u00bb foundry_padding=\u00bbpt0 pb0&#8243; content_placement=\u00bbmiddle\u00bb p_bottom=\u00bb0&#8243; m_bottom=\u00bb0&#8243;][vc_column][vc_row_inner equal_height=\u00bbyes\u00bb content_placement=\u00bbmiddle\u00bb][vc_column_inner width=\u00bb1\/4&#8243;][vc_column_text c_id=\u00bb.vc_1481111206931&#8243;][\/vc_column_text][\/vc_column_inner][vc_column_inner width=\u00bb3\/4&#8243;][vc_custom_heading text=\u00bbEnlaces de Transparencia\u00bb font_container=\u00bbtag:h1|font_size:45px|text_align:left\u00bb use_theme_fonts=\u00bbyes\u00bb][vc_separator color=\u00bbcustom\u00bb style=\u00bbdotted\u00bb accent_color=\u00bb#b5ba05&#8243;][vc_column_text c_id=\u00bb.vc_1479908006316&#8243;]La&#8230;<\/p>\n","protected":false},"author":1,"featured_media":0,"parent":0,"menu_order":0,"comment_status":"closed","ping_status":"closed","template":"","meta":{"footnotes":""},"class_list":["post-4823","page","type-page","status-publish","hentry"],"_links":{"self":[{"href":"http:\/\/ccgalicia.comisiondatransparencia.gal\/es\/wp-json\/wp\/v2\/pages\/4823","targetHints":{"allow":["GET"]}}],"collection":[{"href":"http:\/\/ccgalicia.comisiondatransparencia.gal\/es\/wp-json\/wp\/v2\/pages"}],"about":[{"href":"http:\/\/ccgalicia.comisiondatransparencia.gal\/es\/wp-json\/wp\/v2\/types\/page"}],"author":[{"embeddable":true,"href":"http:\/\/ccgalicia.comisiondatransparencia.gal\/es\/wp-json\/wp\/v2\/users\/1"}],"replies":[{"embeddable":true,"href":"http:\/\/ccgalicia.comisiondatransparencia.gal\/es\/wp-json\/wp\/v2\/comments?post=4823"}],"version-history":[{"count":0,"href":"http:\/\/ccgalicia.comisiondatransparencia.gal\/es\/wp-json\/wp\/v2\/pages\/4823\/revisions"}],"wp:attachment":[{"href":"http:\/\/ccgalicia.comisiondatransparencia.gal\/es\/wp-json\/wp\/v2\/media?parent=4823"}],"curies":[{"name":"wp","href":"https:\/\/api.w.org\/{rel}","templated":true}]}}