{"id":4683,"date":"2016-11-21T19:46:23","date_gmt":"2016-11-21T18:46:23","guid":{"rendered":"http:\/\/ccgalicia.comisiondatransparencia.gal\/?page_id=4683"},"modified":"2019-11-08T10:58:40","modified_gmt":"2019-11-08T09:58:40","slug":"informacion-institucional-organizativa-planificacion","status":"publish","type":"page","link":"http:\/\/ccgalicia.comisiondatransparencia.gal\/es\/informacion-institucional-organizativa-planificacion\/","title":{"rendered":"Informaci\u00f3n institucional, organizativa y de planificaci\u00f3n"},"content":{"rendered":"<p>[vc_row foundry_padding=\u00bbpt0 pb0&#8243; p_bottom=\u00bb0&#8243; m_bottom=\u00bb0&#8243;][vc_column][vc_row_inner equal_height=\u00bbyes\u00bb content_placement=\u00bbmiddle\u00bb][vc_column_inner width=\u00bb1\/4&#8243;][vc_column_text c_id=\u00bb.vc_1480963382417&#8243;]<img loading=\"lazy\" decoding=\"async\" class=\"size-full wp-image-6152 aligncenter\" src=\"http:\/\/ccgalicia.comisiondatransparencia.gal\/wp-content\/uploads\/2016\/11\/info-institucional.png\" alt=\"\" width=\"150\" height=\"150\" \/>[\/vc_column_text][\/vc_column_inner][vc_column_inner width=\u00bb3\/4&#8243;][vc_custom_heading text=\u00bbInformaci\u00f3n institucional, organizativa y de planificaci\u00f3n<br \/>\n\u00bb font_container=\u00bbtag:h1|font_size:45px|text_align:left\u00bb use_theme_fonts=\u00bbyes\u00bb][vc_separator color=\u00bbcustom\u00bb align=\u00bbalign_left\u00bb style=\u00bbdotted\u00bb accent_color=\u00bb#b5ba05&#8243;][\/vc_column_inner][\/vc_row_inner][\/vc_column][\/vc_row][vc_row foundry_padding=\u00bbpt0 pb0&#8243; p_top=\u00bb0&#8243; m_top=\u00bb0&#8243;][vc_column width=\u00bb1\/2&#8243;][vc_column_text c_id=\u00bb.vc_1479752775996&#8243;]<\/p>\n<h2>Funciones<\/h2>\n<p><span style=\"font-size: 12pt;\">La <strong>Comisi\u00f3n da Transparencia<\/strong> es un \u00f3rgano colegiado independiente adscrito a la instituci\u00f3n del <strong>Valedor do Pobo<\/strong> al que le corresponde la resoluci\u00f3n de las reclamaciones frente a las resoluciones de acceso a la informaci\u00f3n p\u00fablica que establece el art\u00edculo 28 de la Ley 1\/2016, de 18 de enero, de transparencia y buen gobierno.<br \/>\n<\/span>[\/vc_column_text][vc_column_text c_id=\u00bb.vc_1480980250637&#8243;]<\/p>\n<h2>Normativa<\/h2>\n<ul class=\"vinieta1\">\n<li><span style=\"font-size: 12pt;\"><a href=\"http:\/\/www.xunta.gal\/dog\/Publicados\/2016\/20160215\/AnuncioC3B0-110216-0001_es.html\" target=\"_blank\" rel=\"noopener\"> Lei 1\/2016, de transparencia e bo goberno de Galicia<\/a><\/span><\/li>\n<li><span style=\"font-size: 12pt;\"><a href=\"http:\/\/www.boe.es\/buscar\/act.php?id=BOE-A-2013-12887\" target=\"_blank\" rel=\"noopener\"> Ley 19\/2013, de 9 de diciembre, de transparencia, acceso a la informaci\u00f3n p\u00fablica y buen gobierno<\/a><\/span><\/li>\n<li><span style=\"font-size: 12pt;\"><a href=\"http:\/\/www.xunta.gal\/dog\/Publicados\/2016\/20160715\/AnuncioG2022-050716-0001_gl.html\" target=\"_blank\" rel=\"noopener\"> Reglamento interno de la Comisi\u00f3n da Transparencia de Galicia<\/a><\/span><\/li>\n<\/ul>\n<p>[\/vc_column_text][vc_column_text c_id=\u00bb.vc_1480964144527&#8243;]<\/p>\n<h2>Localizaci\u00f3n, contacto y\u00a0horario<\/h2>\n<p><span style=\"font-size: 12pt;\">La<strong> Comisi\u00f3n da Transparencia<\/strong> tiene su sede en las dependencias del Valedor do Pobo.<\/span><\/p>\n<p><span style=\"font-size: 12pt;\"><strong>Direcci\u00f3n:<\/strong> R\u00faa do H\u00f3rreo, 65<\/span><\/p>\n<p><span style=\"font-size: 12pt;\"><strong><i class=\"fa fa-phone\"><\/i> Tel:<\/strong> 0034 981 569 740<\/span><\/p>\n<p><span style=\"font-size: 12pt;\"><strong><i class=\"fa fa-fax\"><\/i> Fax:<\/strong> 0034 981 572 335<\/span><\/p>\n<p><span style=\"font-size: 12pt;\"><strong><i class=\"fa fa-envelope-o\"><\/i> E-mail:<\/strong>\u00a0info@comisiondatransparencia.gal<\/span><\/p>\n<p><strong><span style=\"font-size: 12pt;\">Horario de atenci\u00f3n a la ciudadan\u00eda:<\/span><\/strong><\/p>\n<p><span style=\"font-size: 12pt;\">Nuestro horario de atenci\u00f3n al p\u00fablico comprende ma\u00f1anas y tardes de 9.00-14.00 horas y de 16.30 a 19.00 horas de lunes a viernes.<\/span><\/p>\n<p><span style=\"font-size: 12pt;\">El registro permanece abierto tambi\u00e9n en esas horas.<\/span><\/p>\n<p><span style=\"font-size: 12pt;\">Puede contactar con nosotros las 24 horas en nuestra p\u00e1gina web: <a href=\"http:\/\/ccgalicia.comisiondatransparencia.gal\/\">www.comisiondatransparencia.gal\/<\/a><\/span>[\/vc_column_text][\/vc_column][vc_column width=\u00bb1\/2&#8243; animation_iteration=\u00bb1&#8243;][vc_column_text c_id=\u00bb.vc_1479816555001&#8243;]<\/p>\n<h2>Estructura organizativa<\/h2>\n<p>[\/vc_column_text][vc_column_text c_id=\u00bb.vc_1480964891170&#8243;]<\/p>\n<h5 style=\"text-align: center;\"><span style=\"font-size: 14pt;\"><strong>COMISI\u00d3N DA TRANSPARENCIA <\/strong><\/span><\/h5>\n<p style=\"text-align: center;\"><span style=\"font-size: 12pt;\"><strong><u>Presidencia<\/u><\/strong><br \/>\nTitular del Valedor do Pobo | actualmente: Mar\u00eda Dolores Fern\u00e1ndez Gali\u00f1o<br \/>\n<\/span><\/p>\n<p>[\/vc_column_text][vc_empty_space][vc_separator color=\u00bbcustom\u00bb align=\u00bbalign_left\u00bb style=\u00bbdotted\u00bb accent_color=\u00bb#b5ba05&#8243;][vc_column_text c_id=\u00bb.vc_1480964863347&#8243;]<\/p>\n<p style=\"text-align: center;\"><span style=\"font-size: 12pt;\"><strong><u>Vicepresidencia<\/u><\/strong><br \/>\nAdjunta al Valedor do Pobo | actualmente: Mar\u00eda Xos\u00e9 Porteiro<\/span><\/p>\n<p style=\"text-align: center;\">Suplente: <a href=\"http:\/\/www.valedordopobo.gal\/wp-content\/uploads\/2016\/10\/cv_fernando_gal_10_16.pdf\" target=\"_blank\" rel=\"noopener\">Fernando de Andr\u00e9s Alonso<\/a><\/p>\n<p>[\/vc_column_text][vc_separator color=\u00bbcustom\u00bb align=\u00bbalign_left\u00bb style=\u00bbdotted\u00bb accent_color=\u00bb#b5ba05&#8243;][vc_row_inner][vc_column_inner][vc_column_text c_id=\u00bb.vc_1480964797543&#8243;]<\/p>\n<p style=\"text-align: center;\"><span style=\"font-size: 12pt;\"><strong><u>Vocal\u00edas<\/u><\/strong><\/span><\/p>\n<p>[\/vc_column_text][vc_separator color=\u00bbcustom\u00bb align=\u00bbalign_left\u00bb style=\u00bbdotted\u00bb accent_color=\u00bb#b5ba05&#8243;][\/vc_column_inner][\/vc_row_inner][vc_row_inner][vc_column_inner width=\u00bb1\/2&#8243;][vc_column_text c_id=\u00bb.vc_1480964529082&#8243;]<\/p>\n<p style=\"text-align: center;\"><span style=\"font-size: 12pt;\"><strong>En representaci\u00f3n del Consello Consultivo<\/strong><\/span><\/p>\n<p style=\"text-align: center;\"><span style=\"font-size: 12pt;\">Actualmente: <a href=\"http:\/\/ccgalicia.comisiondatransparencia.gal\/wp-content\/uploads\/2017\/02\/Perfil-Ana-Maria-Lopez-Guizan.docx\" target=\"_blank\" rel=\"noopener\">Ana Mar\u00eda L\u00f3pez Guiz\u00e1n<\/a><\/span><\/p>\n<p style=\"text-align: center;\"><span style=\"font-size: 12pt;\">Mar\u00eda Jos\u00e9 Quintana Acebo (suplente)<\/span><\/p>\n<p>[\/vc_column_text][vc_separator color=\u00bbcustom\u00bb align=\u00bbalign_left\u00bb style=\u00bbdotted\u00bb accent_color=\u00bb#b5ba05&#8243;][vc_column_text c_id=\u00bb.vc_1480964647242&#8243;]<\/p>\n<p style=\"text-align: center;\"><span style=\"font-size: 12pt;\"><strong>En representaci\u00f3n de la Federaci\u00f3n Galega de Municipios e Provincias (FEGAMP)<\/strong><\/span><\/p>\n<p style=\"text-align: center;\"><span style=\"font-size: 12pt;\">Actualmente: <a href=\"http:\/\/ccgalicia.comisiondatransparencia.gal\/wp-content\/uploads\/2017\/01\/vogal1_fegamp_castellano.doc\" target=\"_blank\" rel=\"noopener\">Luc\u00eda Gonz\u00e1lez Louro<\/a><\/span><\/p>\n<p style=\"text-align: center;\"><span style=\"font-size: 12pt;\"><a href=\"http:\/\/ccgalicia.comisiondatransparencia.gal\/wp-content\/uploads\/2017\/02\/Andres-Nunez-Gonzalez-Curriculum.docx\" target=\"_blank\" rel=\"noopener\">Andr\u00e9s N\u00fa\u00f1ez Gonz\u00e1lez<\/a> (suplente)<\/span><\/p>\n<p>[\/vc_column_text][\/vc_column_inner][vc_column_inner width=\u00bb1\/2&#8243;][vc_column_text c_id=\u00bb.vc_1480965178139&#8243;]<\/p>\n<p style=\"text-align: center;\"><span style=\"font-size: 12pt;\"><strong>En representaci\u00f3n del Consello de Contas<\/strong><\/span><\/p>\n<p style=\"text-align: center;\"><span style=\"font-size: 12pt;\">Actualmente:\u00a0Manuel Jos\u00e9 Santana Su\u00e1rez<\/span><\/p>\n<p style=\"text-align: center;\"><span style=\"font-size: 12pt;\">Isabel Garc\u00eda Garrido\u00a0(suplente)<\/span><\/p>\n<p>[\/vc_column_text][vc_separator color=\u00bbcustom\u00bb align=\u00bbalign_left\u00bb style=\u00bbdotted\u00bb accent_color=\u00bb#b5ba05&#8243;][vc_column_text c_id=\u00bb.vc_1480964617687&#8243;]<\/p>\n<p style=\"text-align: center;\"><span style=\"font-size: 12pt;\"><strong>En representaci\u00f3n de la Xunta de Galicia (Direcci\u00f3n xeral de Avaliaci\u00f3n e Reforma Administrativa)<\/strong><\/span><\/p>\n<p style=\"text-align: center;\"><span style=\"font-size: 12pt;\">Actualmente: <a href=\"http:\/\/ccgalicia.comisiondatransparencia.gal\/wp-content\/uploads\/2016\/12\/CV-Natalia-Prieto-Viso_ESP.pdf\">Natalia Prieto Viso<\/a><\/span><\/p>\n<p style=\"text-align: center;\"><span style=\"font-size: 12pt;\"><a href=\"http:\/\/ccgalicia.comisiondatransparencia.gal\/wp-content\/uploads\/2016\/12\/CV-Javier-Enrique-Fraga-Campo_ESP.pdf\">Javier Enrique Fraga Campo<\/a> (suplente)<\/span><\/p>\n<p>[\/vc_column_text][\/vc_column_inner][\/vc_row_inner][vc_separator color=\u00bbcustom\u00bb align=\u00bbalign_left\u00bb style=\u00bbdotted\u00bb accent_color=\u00bb#b5ba05&#8243;][vc_column_text c_id=\u00bb.vc_1480964438651&#8243;]<\/p>\n<p style=\"text-align: center;\"><span style=\"font-size: 12pt;\"><strong><u>Secretar\u00eda de la Comisi\u00f3n (con voz pero sin voto):<\/u><\/strong><\/span><br \/>\n<span style=\"font-size: 12pt;\"> Actualmente: <a href=\"https:\/\/www.valedordopobo.gal\/wp-content\/uploads\/2019\/01\/cv_santiago-gonzalez-serrano_2019_c.pdf\">Santiago Gonz\u00e1lez Serrano<\/a><\/span><\/p>\n<p>[\/vc_column_text][\/vc_column][vc_column][vc_empty_space][vc_separator color=\u00bbcustom\u00bb align=\u00bbalign_left\u00bb style=\u00bbdotted\u00bb accent_color=\u00bb#b5ba05&#8243;][\/vc_column][\/vc_row][vc_row foundry_padding=\u00bbpt0&#8243;][vc_column width=\u00bb1\/6&#8243;][\/vc_column][vc_column width=\u00bb2\/3&#8243; css=\u00bb.vc_custom_1481637600264{background-color: #b5ba05 !important;}\u00bb el_class=\u00bbfade-on-hover\u00bb][vc_row_inner equal_height=\u00bbyes\u00bb content_placement=\u00bbmiddle\u00bb][vc_column_inner width=\u00bb1\/3&#8243;][vc_single_image image=\u00bb7023&#8243; img_size=\u00bbfull\u00bb alignment=\u00bbcenter\u00bb onclick=\u00bbcustom_link\u00bb link=\u00bbhttp:\/\/ccgalicia.comisiondatransparencia.gal\/es\/buscador_resoluciones\/\u00bb][\/vc_column_inner][vc_column_inner width=\u00bb2\/3&#8243;][vc_column_text]<\/p>\n<h2><a href=\"http:\/\/ccgalicia.comisiondatransparencia.gal\/es\/buscador_resoluciones\/\"><span style=\"color: #ffffff;\"><strong>Resoluciones<\/strong><\/span><\/a><\/h2>\n<p><span style=\"color: #ffffff;\"><a style=\"color: #ffffff;\" href=\"http:\/\/ccgalicia.comisiondatransparencia.gal\/es\/buscador_resoluciones\/\">Faga click aqu\u00ed<\/a><\/span>[\/vc_column_text][\/vc_column_inner][\/vc_row_inner][\/vc_column][vc_column width=\u00bb1\/6&#8243;][\/vc_column][\/vc_row]<\/p>\n","protected":false},"excerpt":{"rendered":"<p>[vc_row foundry_padding=\u00bbpt0 pb0&#8243; p_bottom=\u00bb0&#8243; m_bottom=\u00bb0&#8243;][vc_column][vc_row_inner equal_height=\u00bbyes\u00bb content_placement=\u00bbmiddle\u00bb][vc_column_inner width=\u00bb1\/4&#8243;][vc_column_text c_id=\u00bb.vc_1480963382417&#8243;][\/vc_column_text][\/vc_column_inner][vc_column_inner width=\u00bb3\/4&#8243;][vc_custom_heading text=\u00bbInformaci\u00f3n institucional, organizativa y de planificaci\u00f3n \u00bb font_container=\u00bbtag:h1|font_size:45px|text_align:left\u00bb use_theme_fonts=\u00bbyes\u00bb][vc_separator color=\u00bbcustom\u00bb align=\u00bbalign_left\u00bb&#8230;<\/p>\n","protected":false},"author":1,"featured_media":0,"parent":0,"menu_order":0,"comment_status":"closed","ping_status":"closed","template":"","meta":{"footnotes":""},"class_list":["post-4683","page","type-page","status-publish","hentry"],"_links":{"self":[{"href":"http:\/\/ccgalicia.comisiondatransparencia.gal\/es\/wp-json\/wp\/v2\/pages\/4683","targetHints":{"allow":["GET"]}}],"collection":[{"href":"http:\/\/ccgalicia.comisiondatransparencia.gal\/es\/wp-json\/wp\/v2\/pages"}],"about":[{"href":"http:\/\/ccgalicia.comisiondatransparencia.gal\/es\/wp-json\/wp\/v2\/types\/page"}],"author":[{"embeddable":true,"href":"http:\/\/ccgalicia.comisiondatransparencia.gal\/es\/wp-json\/wp\/v2\/users\/1"}],"replies":[{"embeddable":true,"href":"http:\/\/ccgalicia.comisiondatransparencia.gal\/es\/wp-json\/wp\/v2\/comments?post=4683"}],"version-history":[{"count":0,"href":"http:\/\/ccgalicia.comisiondatransparencia.gal\/es\/wp-json\/wp\/v2\/pages\/4683\/revisions"}],"wp:attachment":[{"href":"http:\/\/ccgalicia.comisiondatransparencia.gal\/es\/wp-json\/wp\/v2\/media?parent=4683"}],"curies":[{"name":"wp","href":"https:\/\/api.w.org\/{rel}","templated":true}]}}